{"id":2213,"date":"2025-04-04T08:04:31","date_gmt":"2025-04-04T08:04:31","guid":{"rendered":"https:\/\/demo2wpopal.b-cdn.net\/spaciaz\/?page_id=2213"},"modified":"2026-02-06T07:00:12","modified_gmt":"2026-02-06T04:00:12","slug":"hizmetlerimiz","status":"publish","type":"page","link":"https:\/\/alacadoruk.com.tr\/en\/hizmetlerimiz\/","title":{"rendered":"Hizmetlerimiz"},"content":{"rendered":"<div data-elementor-type=\"wp-page\" data-elementor-id=\"2213\" class=\"elementor elementor-2213\">\n\t\t\t\t<div class=\"elementor-element elementor-element-e1b27f2 e-con-full e-flex e-con e-parent\" data-id=\"e1b27f2\" data-element_type=\"container\" data-settings=\"{&quot;background_background&quot;:&quot;classic&quot;}\">\n\t\t<div class=\"elementor-element elementor-element-ec6f241 e-flex e-con-boxed e-con e-child\" data-id=\"ec6f241\" data-element_type=\"container\">\n\t\t\t\t\t<div class=\"e-con-inner\">\n\t\t\t\t<div class=\"elementor-element elementor-element-36a6227 elementor-widget elementor-widget-page-title\" data-id=\"36a6227\" data-element_type=\"widget\" data-widget_type=\"page-title.default\">\n\t\t\t\t<div class=\"elementor-widget-container\">\n\t\t\t\t\t\t\t\n\t\t<div class=\"hfe-page-title hfe-page-title-wrapper elementor-widget-heading\">\n\n\t\t\t\t\t\t\t\t<h2 class=\"elementor-heading-title elementor-size-default\">\n\t\t\t\t\t\t\t\t\n\t\t\t\tHizmetlerimiz  \n\t\t\t<\/h2> \n\t\t\t\t\t<\/div>\n\t\t\t\t\t\t<\/div>\n\t\t\t\t<\/div>\n\t\t\t\t<div class=\"elementor-element elementor-element-a5f56cf elementor-widget elementor-widget-hfe-breadcrumbs-widget\" data-id=\"a5f56cf\" data-element_type=\"widget\" data-widget_type=\"hfe-breadcrumbs-widget.default\">\n\t\t\t\t<div class=\"elementor-widget-container\">\n\t\t\t\t\t<nav aria-label=\"\u00c7erezler\"><ul class=\"hfe-breadcrumbs hfe-breadcrumbs-show-home\"><li class=\"hfe-breadcrumbs-item hfe-breadcrumbs-first\"><span class=\"hfe-breadcrumbs-home-icon\"><\/span><a href=\"https:\/\/alacadoruk.com.tr\/en\"><span class=\"hfe-breadcrumbs-text\">Anasayfa<\/span><\/a><\/li><\/ul><\/nav>\t\t\t\t<\/div>\n\t\t\t\t<\/div>\n\t\t\t\t\t<\/div>\n\t\t\t\t<\/div>\n\t\t\t\t<div class=\"elementor-element elementor-element-e58b90e elementor-widget elementor-widget-spacer\" data-id=\"e58b90e\" data-element_type=\"widget\" data-widget_type=\"spacer.default\">\n\t\t\t\t\t\t\t<div class=\"elementor-spacer\">\n\t\t\t<div class=\"elementor-spacer-inner\"><\/div>\n\t\t<\/div>\n\t\t\t\t\t\t<\/div>\n\t\t\t\t<\/div>\n\t\t<div class=\"elementor-element elementor-element-7fea714 e-flex e-con-boxed e-con e-parent\" data-id=\"7fea714\" data-element_type=\"container\">\n\t\t\t\t\t<div class=\"e-con-inner\">\n\t\t\t\t<div class=\"elementor-element elementor-element-af090d0 box-width-yes elementor-widget__width-initial animated-fast spaciaz-scrolling-ltr elementor-invisible elementor-widget elementor-widget-spaciaz-slide-scrolling\" data-id=\"af090d0\" data-element_type=\"widget\" data-settings=\"{&quot;_animation&quot;:&quot;opal-move-up&quot;}\" data-widget_type=\"spaciaz-slide-scrolling.default\">\n\t\t\t\t<div class=\"elementor-widget-container\">\n\t\t\t\t\t            <div class=\"elementor-scrolling\">\n                <div class=\"elementor-scrolling-wrapper\">\n                                            <div class=\"elementor-scrolling-inner\">\n                                                            <div class=\"elementor-scrolling-item\">\n                                    <div class=\"elementor-scrolling-item-inner\">\n\n                                        \n                                        <div class=\"scrolling-title elementor-repeater-item-3eace46\">\n                                            <a href=\"#\"  title=\"Ne yap\u0131yoruz?\"><span>Ne yap\u0131yoruz?<\/span><\/a>                                        <\/div>\n\n                                        \n                                    <\/div>\n                                <\/div>\n                                                            <div class=\"elementor-scrolling-item\">\n                                    <div class=\"elementor-scrolling-item-inner\">\n\n                                        \n                                        <div class=\"scrolling-title elementor-repeater-item-9398599\">\n                                            <a href=\"#\"  title=\"\u00b7\"><span>\u00b7<\/span><\/a>                                        <\/div>\n\n                                        \n                                    <\/div>\n                                <\/div>\n                                                            <div class=\"elementor-scrolling-item\">\n                                    <div class=\"elementor-scrolling-item-inner\">\n\n                                        \n                                        <div class=\"scrolling-title elementor-repeater-item-18b9ba4\">\n                                            <a href=\"#\"  title=\"Ne yap\u0131yoruz?\"><span>Ne yap\u0131yoruz?<\/span><\/a>                                        <\/div>\n\n                                        \n                                    <\/div>\n                                <\/div>\n                                                            <div class=\"elementor-scrolling-item\">\n                                    <div class=\"elementor-scrolling-item-inner\">\n\n                                        \n                                        <div class=\"scrolling-title elementor-repeater-item-194a249\">\n                                            <a href=\"#\"  title=\"\u00b7\"><span>\u00b7<\/span><\/a>                                        <\/div>\n\n                                        \n                                    <\/div>\n                                <\/div>\n                                                    <\/div>\n                                                <div class=\"elementor-scrolling-inner\">\n                                                            <div class=\"elementor-scrolling-item\">\n                                    <div class=\"elementor-scrolling-item-inner\">\n\n                                        \n                                        <div class=\"scrolling-title elementor-repeater-item-3eace46\">\n                                            <a href=\"#\"  title=\"Ne yap\u0131yoruz?\"><span>Ne yap\u0131yoruz?<\/span><\/a>                                        <\/div>\n\n                                        \n                                    <\/div>\n                                <\/div>\n                                                            <div class=\"elementor-scrolling-item\">\n                                    <div class=\"elementor-scrolling-item-inner\">\n\n                                        \n                                        <div class=\"scrolling-title elementor-repeater-item-9398599\">\n                                            <a href=\"#\"  title=\"\u00b7\"><span>\u00b7<\/span><\/a>                                        <\/div>\n\n                                        \n                                    <\/div>\n                                <\/div>\n                                                            <div class=\"elementor-scrolling-item\">\n                                    <div class=\"elementor-scrolling-item-inner\">\n\n                                        \n                                        <div class=\"scrolling-title elementor-repeater-item-18b9ba4\">\n                                            <a href=\"#\"  title=\"Ne yap\u0131yoruz?\"><span>Ne yap\u0131yoruz?<\/span><\/a>                                        <\/div>\n\n                                        \n                                    <\/div>\n                                <\/div>\n                                                            <div class=\"elementor-scrolling-item\">\n                                    <div class=\"elementor-scrolling-item-inner\">\n\n                                        \n                                        <div class=\"scrolling-title elementor-repeater-item-194a249\">\n                                            <a href=\"#\"  title=\"\u00b7\"><span>\u00b7<\/span><\/a>                                        <\/div>\n\n                                        \n                                    <\/div>\n                                <\/div>\n                                                    <\/div>\n                                                <div class=\"elementor-scrolling-inner\">\n                                                            <div class=\"elementor-scrolling-item\">\n                                    <div class=\"elementor-scrolling-item-inner\">\n\n                                        \n                                        <div class=\"scrolling-title elementor-repeater-item-3eace46\">\n                                            <a href=\"#\"  title=\"Ne yap\u0131yoruz?\"><span>Ne yap\u0131yoruz?<\/span><\/a>                                        <\/div>\n\n                                        \n                                    <\/div>\n                                <\/div>\n                                                            <div class=\"elementor-scrolling-item\">\n                                    <div class=\"elementor-scrolling-item-inner\">\n\n                                        \n                                        <div class=\"scrolling-title elementor-repeater-item-9398599\">\n                                            <a href=\"#\"  title=\"\u00b7\"><span>\u00b7<\/span><\/a>                                        <\/div>\n\n                                        \n                                    <\/div>\n                                <\/div>\n                                                            <div class=\"elementor-scrolling-item\">\n                                    <div class=\"elementor-scrolling-item-inner\">\n\n                                        \n                                        <div class=\"scrolling-title elementor-repeater-item-18b9ba4\">\n                                            <a href=\"#\"  title=\"Ne yap\u0131yoruz?\"><span>Ne yap\u0131yoruz?<\/span><\/a>                                        <\/div>\n\n                                        \n                                    <\/div>\n                                <\/div>\n                                                            <div class=\"elementor-scrolling-item\">\n                                    <div class=\"elementor-scrolling-item-inner\">\n\n                                        \n                                        <div class=\"scrolling-title elementor-repeater-item-194a249\">\n                                            <a href=\"#\"  title=\"\u00b7\"><span>\u00b7<\/span><\/a>                                        <\/div>\n\n                                        \n                                    <\/div>\n                                <\/div>\n                                                    <\/div>\n                                        <\/div>\n            <\/div>\n            \t\t\t\t<\/div>\n\t\t\t\t<\/div>\n\t\t\t\t<div class=\"elementor-element elementor-element-a380b65 elementor-widget__width-initial animated-fast elementor-invisible elementor-widget elementor-widget-heading\" data-id=\"a380b65\" data-element_type=\"widget\" data-settings=\"{&quot;_animation&quot;:&quot;opal-move-up&quot;}\" data-widget_type=\"heading.default\">\n\t\t\t\t\t<h2 class=\"elementor-heading-title elementor-size-default\">Kaliteli altyap\u0131 &amp; gayrimenkul projeleri geli\u015ftiriyoruz.<\/h2>\t\t\t\t<\/div>\n\t\t\t\t<div class=\"elementor-element elementor-element-109f2f2 elementor-service-style-2 elementor-widget__width-inherit animated-fast elementor-invisible elementor-widget elementor-widget-spaciaz-services\" data-id=\"109f2f2\" data-element_type=\"widget\" data-settings=\"{&quot;_animation&quot;:&quot;opal-move-up&quot;}\" data-widget_type=\"spaciaz-services.default\">\n\t\t\t\t<div class=\"elementor-widget-container\">\n\t\t\t\t\t        <div class=\"elementor-service-wrapper\">\n            <div class=\"d-grid\">\n                                                         <div class=\"grid-item service-item service-style-2\">\n                                            <div class=\"service-inner\">\n    <div class=\"service-post-thumbnail\">\n                    <img fetchpriority=\"high\" decoding=\"async\" width=\"900\" height=\"600\" src=\"https:\/\/alacadoruk.com.tr\/wp-content\/uploads\/2025\/04\/service1-1024x683.jpg\" class=\"attachment-large size-large wp-post-image\" alt=\"\" srcset=\"https:\/\/alacadoruk.com.tr\/wp-content\/uploads\/2025\/04\/service1-1024x683.jpg 1024w, https:\/\/alacadoruk.com.tr\/wp-content\/uploads\/2025\/04\/service1-300x200.jpg 300w, https:\/\/alacadoruk.com.tr\/wp-content\/uploads\/2025\/04\/service1-768x512.jpg 768w, https:\/\/alacadoruk.com.tr\/wp-content\/uploads\/2025\/04\/service1.jpg 1500w\" sizes=\"(max-width: 900px) 100vw, 900px\" \/>            <\/div><!-- .post-thumbnail -->\n    <div class=\"service-content\">\n        <div class=\"icon-wrap\"><img decoding=\"async\" class=\"service-icon\" src=\"https:\/\/demo2wpopal.b-cdn.net\/spaciaz\/wp-content\/uploads\/2025\/04\/building-1.svg\" alt=\"service icon\"><\/div>        <h4 class=\"service-title\"><a href=\"https:\/\/alacadoruk.com.tr\/en\/services\/kentsel-donusum-ve-yenileme\/\">Kentsel D\u00f6n\u00fc\u015f\u00fcm &#038; Yenileme<\/a><\/h4>\n        <div class=\"description\">\n            Riskli yap\u0131lar\u0131 modern, g\u00fcvenli ve ticari de\u011feri y\u00fcksek kurumsal komplekslere d\u00f6n\u00fc\u015ft\u00fcr\u00fcyoruz.        <\/div>\n    <\/div>\n    <div class=\"service-button-wrap\">\n        <a class=\"service-button\" href=\"https:\/\/alacadoruk.com.tr\/en\/services\/kentsel-donusum-ve-yenileme\/\">\n            <span class=\"btn-icon-wrap\">\n                <span class=\"btn-icon\"><i class=\"spaciaz-icon-arrow-long-right\"><\/i><\/span>\n                <span class=\"btn-icon-hover\"><i class=\"spaciaz-icon-arrow-long-right\"><\/i><\/span>\n            <\/span>\n        <\/a>\n        <div class=\"decor-border\"> <\/div>\n    <\/div>\n<\/div>\n                                        <\/div>\n                                                                                 <div class=\"grid-item service-item service-style-2\">\n                                            <div class=\"service-inner\">\n    <div class=\"service-post-thumbnail\">\n                    <img decoding=\"async\" width=\"900\" height=\"600\" src=\"https:\/\/alacadoruk.com.tr\/wp-content\/uploads\/2025\/04\/service2-1024x683.jpg\" class=\"attachment-large size-large wp-post-image\" alt=\"\" srcset=\"https:\/\/alacadoruk.com.tr\/wp-content\/uploads\/2025\/04\/service2-1024x683.jpg 1024w, https:\/\/alacadoruk.com.tr\/wp-content\/uploads\/2025\/04\/service2-300x200.jpg 300w, https:\/\/alacadoruk.com.tr\/wp-content\/uploads\/2025\/04\/service2-768x512.jpg 768w, https:\/\/alacadoruk.com.tr\/wp-content\/uploads\/2025\/04\/service2.jpg 1500w\" sizes=\"(max-width: 900px) 100vw, 900px\" \/>            <\/div><!-- .post-thumbnail -->\n    <div class=\"service-content\">\n        <div class=\"icon-wrap\"><img decoding=\"async\" class=\"service-icon\" src=\"https:\/\/demo2wpopal.b-cdn.net\/spaciaz\/wp-content\/uploads\/2025\/04\/layer.svg\" alt=\"service icon\"><\/div>        <h4 class=\"service-title\"><a href=\"https:\/\/alacadoruk.com.tr\/en\/services\/peyzaj-ve-cevre-duzenleme\/\">Peyzaj &#038; \u00c7evre D\u00fczenleme<\/a><\/h4>\n        <div class=\"description\">\n            Yap\u0131lar\u0131n \u00e7evresini do\u011fayla uyumlu, estetik ve sosyal donat\u0131s\u0131 y\u00fcksek ya\u015fam alanlar\u0131na \u00e7eviriyoruz.        <\/div>\n    <\/div>\n    <div class=\"service-button-wrap\">\n        <a class=\"service-button\" href=\"https:\/\/alacadoruk.com.tr\/en\/services\/peyzaj-ve-cevre-duzenleme\/\">\n            <span class=\"btn-icon-wrap\">\n                <span class=\"btn-icon\"><i class=\"spaciaz-icon-arrow-long-right\"><\/i><\/span>\n                <span class=\"btn-icon-hover\"><i class=\"spaciaz-icon-arrow-long-right\"><\/i><\/span>\n            <\/span>\n        <\/a>\n        <div class=\"decor-border\"> <\/div>\n    <\/div>\n<\/div>\n                                        <\/div>\n                                                                                 <div class=\"grid-item service-item service-style-2\">\n                                            <div class=\"service-inner\">\n    <div class=\"service-post-thumbnail\">\n                    <img decoding=\"async\" width=\"900\" height=\"600\" src=\"https:\/\/alacadoruk.com.tr\/wp-content\/uploads\/2025\/04\/service3-1024x683.jpg\" class=\"attachment-large size-large wp-post-image\" alt=\"\" srcset=\"https:\/\/alacadoruk.com.tr\/wp-content\/uploads\/2025\/04\/service3-1024x683.jpg 1024w, https:\/\/alacadoruk.com.tr\/wp-content\/uploads\/2025\/04\/service3-300x200.jpg 300w, https:\/\/alacadoruk.com.tr\/wp-content\/uploads\/2025\/04\/service3-768x512.jpg 768w, https:\/\/alacadoruk.com.tr\/wp-content\/uploads\/2025\/04\/service3.jpg 1500w\" sizes=\"(max-width: 900px) 100vw, 900px\" \/>            <\/div><!-- .post-thumbnail -->\n    <div class=\"service-content\">\n        <div class=\"icon-wrap\"><img decoding=\"async\" class=\"service-icon\" src=\"https:\/\/demo2wpopal.b-cdn.net\/spaciaz\/wp-content\/uploads\/2025\/04\/wallet-check.svg\" alt=\"service icon\"><\/div>        <h4 class=\"service-title\"><a href=\"https:\/\/alacadoruk.com.tr\/en\/services\/anahtar-teslim-insaat\/\">Anahtar Teslim \u0130n\u015faat<\/a><\/h4>\n        <div class=\"description\">\n            Modern mimari anlay\u0131\u015f\u0131m\u0131zla, hayalinizdeki yap\u0131lar\u0131 en y\u00fcksek standartlarda in\u015fa ediyoruz.        <\/div>\n    <\/div>\n    <div class=\"service-button-wrap\">\n        <a class=\"service-button\" href=\"https:\/\/alacadoruk.com.tr\/en\/services\/anahtar-teslim-insaat\/\">\n            <span class=\"btn-icon-wrap\">\n                <span class=\"btn-icon\"><i class=\"spaciaz-icon-arrow-long-right\"><\/i><\/span>\n                <span class=\"btn-icon-hover\"><i class=\"spaciaz-icon-arrow-long-right\"><\/i><\/span>\n            <\/span>\n        <\/a>\n        <div class=\"decor-border\"> <\/div>\n    <\/div>\n<\/div>\n                                        <\/div>\n                                                                                 <div class=\"grid-item service-item service-style-2\">\n                                            <div class=\"service-inner\">\n    <div class=\"service-post-thumbnail\">\n                    <img loading=\"lazy\" decoding=\"async\" width=\"900\" height=\"600\" src=\"https:\/\/alacadoruk.com.tr\/wp-content\/uploads\/2025\/04\/service4-1024x683.jpg\" class=\"attachment-large size-large wp-post-image\" alt=\"\" srcset=\"https:\/\/alacadoruk.com.tr\/wp-content\/uploads\/2025\/04\/service4-1024x683.jpg 1024w, https:\/\/alacadoruk.com.tr\/wp-content\/uploads\/2025\/04\/service4-300x200.jpg 300w, https:\/\/alacadoruk.com.tr\/wp-content\/uploads\/2025\/04\/service4-768x512.jpg 768w, https:\/\/alacadoruk.com.tr\/wp-content\/uploads\/2025\/04\/service4.jpg 1500w\" sizes=\"(max-width: 900px) 100vw, 900px\" \/>            <\/div><!-- .post-thumbnail -->\n    <div class=\"service-content\">\n        <div class=\"icon-wrap\"><img decoding=\"async\" class=\"service-icon\" src=\"https:\/\/demo2wpopal.b-cdn.net\/spaciaz\/wp-content\/uploads\/2025\/04\/dcube.svg\" alt=\"service icon\"><\/div>        <h4 class=\"service-title\"><a href=\"https:\/\/alacadoruk.com.tr\/en\/services\/proje-gelistirme\/\">Proje Geli\u015ftirme<\/a><\/h4>\n        <div class=\"description\">\n            Arsa analizinden konsept tasar\u0131ma kadar, projelerin her a\u015famas\u0131n\u0131 titizlikle planl\u0131yoruz.        <\/div>\n    <\/div>\n    <div class=\"service-button-wrap\">\n        <a class=\"service-button\" href=\"https:\/\/alacadoruk.com.tr\/en\/services\/proje-gelistirme\/\">\n            <span class=\"btn-icon-wrap\">\n                <span class=\"btn-icon\"><i class=\"spaciaz-icon-arrow-long-right\"><\/i><\/span>\n                <span class=\"btn-icon-hover\"><i class=\"spaciaz-icon-arrow-long-right\"><\/i><\/span>\n            <\/span>\n        <\/a>\n        <div class=\"decor-border\"> <\/div>\n    <\/div>\n<\/div>\n                                        <\/div>\n                                                                                 <div class=\"grid-item service-item service-style-2\">\n                                            <div class=\"service-inner\">\n    <div class=\"service-post-thumbnail\">\n                    <img loading=\"lazy\" decoding=\"async\" width=\"900\" height=\"600\" src=\"https:\/\/alacadoruk.com.tr\/wp-content\/uploads\/2025\/04\/service5-1024x683.jpg\" class=\"attachment-large size-large wp-post-image\" alt=\"\" srcset=\"https:\/\/alacadoruk.com.tr\/wp-content\/uploads\/2025\/04\/service5-1024x683.jpg 1024w, https:\/\/alacadoruk.com.tr\/wp-content\/uploads\/2025\/04\/service5-300x200.jpg 300w, https:\/\/alacadoruk.com.tr\/wp-content\/uploads\/2025\/04\/service5-768x512.jpg 768w, https:\/\/alacadoruk.com.tr\/wp-content\/uploads\/2025\/04\/service5.jpg 1500w\" sizes=\"(max-width: 900px) 100vw, 900px\" \/>            <\/div><!-- .post-thumbnail -->\n    <div class=\"service-content\">\n        <div class=\"icon-wrap\"><img decoding=\"async\" class=\"service-icon\" src=\"https:\/\/demo2wpopal.b-cdn.net\/spaciaz\/wp-content\/uploads\/2025\/04\/house.svg\" alt=\"service icon\"><\/div>        <h4 class=\"service-title\"><a href=\"https:\/\/alacadoruk.com.tr\/en\/services\/ic-mimari-ve-dekorasyon\/\">\u0130\u00e7 Mimari &#038; Dekorasyon<\/a><\/h4>\n        <div class=\"description\">\n            Mekanlar\u0131n ruhuna dokunan dokunu\u015flarla, ya\u015fam alanlar\u0131n\u0131z\u0131 daha verimli hale getiriyoruz.        <\/div>\n    <\/div>\n    <div class=\"service-button-wrap\">\n        <a class=\"service-button\" href=\"https:\/\/alacadoruk.com.tr\/en\/services\/ic-mimari-ve-dekorasyon\/\">\n            <span class=\"btn-icon-wrap\">\n                <span class=\"btn-icon\"><i class=\"spaciaz-icon-arrow-long-right\"><\/i><\/span>\n                <span class=\"btn-icon-hover\"><i class=\"spaciaz-icon-arrow-long-right\"><\/i><\/span>\n            <\/span>\n        <\/a>\n        <div class=\"decor-border\"> <\/div>\n    <\/div>\n<\/div>\n                                        <\/div>\n                                                                                 <div class=\"grid-item service-item service-style-2\">\n                                            <div class=\"service-inner\">\n    <div class=\"service-post-thumbnail\">\n                    <img loading=\"lazy\" decoding=\"async\" width=\"900\" height=\"600\" src=\"https:\/\/alacadoruk.com.tr\/wp-content\/uploads\/2025\/04\/service6-1024x683.jpg\" class=\"attachment-large size-large wp-post-image\" alt=\"\" srcset=\"https:\/\/alacadoruk.com.tr\/wp-content\/uploads\/2025\/04\/service6-1024x683.jpg 1024w, https:\/\/alacadoruk.com.tr\/wp-content\/uploads\/2025\/04\/service6-300x200.jpg 300w, https:\/\/alacadoruk.com.tr\/wp-content\/uploads\/2025\/04\/service6-768x512.jpg 768w, https:\/\/alacadoruk.com.tr\/wp-content\/uploads\/2025\/04\/service6.jpg 1500w\" sizes=\"(max-width: 900px) 100vw, 900px\" \/>            <\/div><!-- .post-thumbnail -->\n    <div class=\"service-content\">\n        <div class=\"icon-wrap\"><img decoding=\"async\" class=\"service-icon\" src=\"https:\/\/demo2wpopal.b-cdn.net\/spaciaz\/wp-content\/uploads\/2025\/04\/messages.svg\" alt=\"service icon\"><\/div>        <h4 class=\"service-title\"><a href=\"https:\/\/alacadoruk.com.tr\/en\/services\/mimari-tasarim-ve-danismanlik\/\">Mimari Tasar\u0131m &#038; Dan\u0131\u015fmanl\u0131k<\/a><\/h4>\n        <div class=\"description\">\n            Estetik ve fonksiyonelli\u011fi birle\u015ftiren \u00f6zg\u00fcn mimari \u00e7\u00f6z\u00fcmler sunuyoruz.        <\/div>\n    <\/div>\n    <div class=\"service-button-wrap\">\n        <a class=\"service-button\" href=\"https:\/\/alacadoruk.com.tr\/en\/services\/mimari-tasarim-ve-danismanlik\/\">\n            <span class=\"btn-icon-wrap\">\n                <span class=\"btn-icon\"><i class=\"spaciaz-icon-arrow-long-right\"><\/i><\/span>\n                <span class=\"btn-icon-hover\"><i class=\"spaciaz-icon-arrow-long-right\"><\/i><\/span>\n            <\/span>\n        <\/a>\n        <div class=\"decor-border\"> <\/div>\n    <\/div>\n<\/div>\n                                        <\/div>\n                                                    <\/div>\n\n        <\/div>\n                \t\t\t\t<\/div>\n\t\t\t\t<\/div>\n\t\t\t\t\t<\/div>\n\t\t\t\t<\/div>\n\t\t\t\t<\/div>","protected":false},"excerpt":{"rendered":"<p>Hizmetlerimiz Home Ne yap\u0131yoruz? \u00b7 Ne yap\u0131yoruz? \u00b7 Ne yap\u0131yoruz? \u00b7 Ne yap\u0131yoruz? \u00b7 Ne yap\u0131yoruz? \u00b7 Ne yap\u0131yoruz? \u00b7 Kaliteli altyap\u0131 &amp; gayrimenkul projeleri geli\u015ftiriyoruz. Real Estate Development We engage as early as possible, typically during the conceptual or schematic stage. Project Management Our comprehensive estimates also reflect available lower-price options. Investment &#038; Capital [&hellip;]<\/p>\n","protected":false},"author":1,"featured_media":0,"parent":0,"menu_order":0,"comment_status":"closed","ping_status":"closed","template":"template-homepage.php","meta":{"footnotes":""},"class_list":["post-2213","page","type-page","status-publish","hentry"],"_links":{"self":[{"href":"https:\/\/alacadoruk.com.tr\/en\/wp-json\/wp\/v2\/pages\/2213","targetHints":{"allow":["GET"]}}],"collection":[{"href":"https:\/\/alacadoruk.com.tr\/en\/wp-json\/wp\/v2\/pages"}],"about":[{"href":"https:\/\/alacadoruk.com.tr\/en\/wp-json\/wp\/v2\/types\/page"}],"author":[{"embeddable":true,"href":"https:\/\/alacadoruk.com.tr\/en\/wp-json\/wp\/v2\/users\/1"}],"replies":[{"embeddable":true,"href":"https:\/\/alacadoruk.com.tr\/en\/wp-json\/wp\/v2\/comments?post=2213"}],"version-history":[{"count":4,"href":"https:\/\/alacadoruk.com.tr\/en\/wp-json\/wp\/v2\/pages\/2213\/revisions"}],"predecessor-version":[{"id":6494,"href":"https:\/\/alacadoruk.com.tr\/en\/wp-json\/wp\/v2\/pages\/2213\/revisions\/6494"}],"wp:attachment":[{"href":"https:\/\/alacadoruk.com.tr\/en\/wp-json\/wp\/v2\/media?parent=2213"}],"curies":[{"name":"wp","href":"https:\/\/api.w.org\/{rel}","templated":true}]}}